{"id":372,"date":"2020-03-03T08:04:00","date_gmt":"2020-03-03T07:04:00","guid":{"rendered":"https:\/\/www.lorenthouse.it\/dsgvo\/"},"modified":"2024-04-05T13:45:31","modified_gmt":"2024-04-05T11:45:31","slug":"dsgvo","status":"publish","type":"page","link":"https:\/\/www.lorenthouse.it\/it\/dsgvo\/","title":{"rendered":"DSGVO"},"content":{"rendered":"<p>Per gestire i cookie e le tecnologie simili utilizzate (pixel di tracciamento, web beacon, ecc.) e i relativi consensi, utilizziamo lo strumento di consenso &#8220;Real Cookie Banner&#8221;. I dettagli sul funzionamento di &#8220;Real Cookie Banner&#8221; sono disponibili all&#8217;indirizzo <a href=\"https:\/\/devowl.io\/rcb\/data-processing\/\" target=\"_blank\" rel=\"noopener noreferrer\">https:\/\/devowl.io\/rcb\/data-processing\/<\/a>.<\/p>\n<p>Le basi giuridiche per il trattamento dei dati personali in questo contesto sono l&#8217;Art. 6 (1) lit. c GDPR e Art. 6 (1) lit. f GDPR. Il nostro interesse legittimo \u00e8 la gestione dei cookie e delle tecnologie simili utilizzate e i relativi consensi.<\/p>\n<p>La fornitura di dati personali non \u00e8 richiesta contrattualmente n\u00e9 necessaria per la conclusione di un contratto. Lei non \u00e8 obbligato a fornire i dati personali. Se non fornisce i dati personali, non saremo in grado di gestire i suoi consensi.<\/p>\n<p>&nbsp;<\/p>\n<button  href=\"#consent-change\" id=\"rcb-sc-link-change\" data-success-message=\"\" class=\"rcb-sc-link rcb-sc-link-change \">Modificare le impostazioni della privacy<\/button>\n<button  href=\"#consent-history\" id=\"rcb-sc-link-history\" data-success-message=\"\" class=\"rcb-sc-link rcb-sc-link-history \">Cronologia delle impostazioni sulla privacy<\/button>\n<button  href=\"#consent-revoke\" id=\"rcb-sc-link-revoke\" data-success-message=\"Lei ha revocato con successo il consenso per i servizi con i suoi cookie e il trattamento dei dati personali. La pagina verr\u00e0 ricaricata ora!\" class=\"rcb-sc-link rcb-sc-link-revoke \">Revocare i consensi<\/button>\n","protected":false},"excerpt":{"rendered":"<p>Per gestire i cookie e le tecnologie simili utilizzate (pixel di tracciamento, web beacon, ecc.) e i relativi consensi, utilizziamo lo strumento di consenso &#8220;Real Cookie Banner&#8221;. I dettagli sul funzionamento di &#8220;Real Cookie Banner&#8221; sono disponibili all&#8217;indirizzo https:\/\/devowl.io\/rcb\/data-processing\/. Le basi giuridiche per il trattamento dei dati personali in questo contesto sono l&#8217;Art. 6 (1) [&hellip;]<\/p>\n","protected":false},"author":1,"featured_media":0,"parent":0,"menu_order":4,"comment_status":"closed","ping_status":"closed","template":"template-dsgvo.php","meta":{"_acf_changed":false,"footnotes":""},"class_list":["post-372","page","type-page","status-publish","hentry"],"acf":[],"yoast_head":"<!-- This site is optimized with the Yoast SEO plugin v23.2 - https:\/\/yoast.com\/wordpress\/plugins\/seo\/ -->\n<title>DSGVO - www.lorenthouse.it<\/title>\n<meta name=\"robots\" content=\"index, follow, max-snippet:-1, max-image-preview:large, max-video-preview:-1\" \/>\n<link rel=\"canonical\" href=\"https:\/\/www.lorenthouse.it\/it\/dsgvo\/\" \/>\n<meta property=\"og:locale\" content=\"it_IT\" \/>\n<meta property=\"og:type\" content=\"article\" \/>\n<meta property=\"og:title\" content=\"DSGVO - www.lorenthouse.it\" \/>\n<meta property=\"og:description\" content=\"Per gestire i cookie e le tecnologie simili utilizzate (pixel di tracciamento, web beacon, ecc.) e i relativi consensi, utilizziamo lo strumento di consenso &#8220;Real Cookie Banner&#8221;. I dettagli sul funzionamento di &#8220;Real Cookie Banner&#8221; sono disponibili all&#8217;indirizzo https:\/\/devowl.io\/rcb\/data-processing\/. Le basi giuridiche per il trattamento dei dati personali in questo contesto sono l&#8217;Art. 6 (1) [&hellip;]\" \/>\n<meta property=\"og:url\" content=\"https:\/\/www.lorenthouse.it\/it\/dsgvo\/\" \/>\n<meta property=\"og:site_name\" content=\"www.lorenthouse.it\" \/>\n<meta property=\"article:modified_time\" content=\"2024-04-05T11:45:31+00:00\" \/>\n<meta name=\"twitter:card\" content=\"summary_large_image\" \/>\n<meta name=\"twitter:label1\" content=\"Tempo di lettura stimato\" \/>\n\t<meta name=\"twitter:data1\" content=\"1 minuto\" \/>\n<script type=\"application\/ld+json\" class=\"yoast-schema-graph\">{\"@context\":\"https:\/\/schema.org\",\"@graph\":[{\"@type\":\"WebPage\",\"@id\":\"https:\/\/www.lorenthouse.it\/it\/dsgvo\/\",\"url\":\"https:\/\/www.lorenthouse.it\/it\/dsgvo\/\",\"name\":\"DSGVO - www.lorenthouse.it\",\"isPartOf\":{\"@id\":\"https:\/\/www.lorenthouse.it\/#website\"},\"datePublished\":\"2020-03-03T07:04:00+00:00\",\"dateModified\":\"2024-04-05T11:45:31+00:00\",\"breadcrumb\":{\"@id\":\"https:\/\/www.lorenthouse.it\/it\/dsgvo\/#breadcrumb\"},\"inLanguage\":\"it-IT\",\"potentialAction\":[{\"@type\":\"ReadAction\",\"target\":[\"https:\/\/www.lorenthouse.it\/it\/dsgvo\/\"]}]},{\"@type\":\"BreadcrumbList\",\"@id\":\"https:\/\/www.lorenthouse.it\/it\/dsgvo\/#breadcrumb\",\"itemListElement\":[{\"@type\":\"ListItem\",\"position\":1,\"name\":\"Startseite\",\"item\":\"https:\/\/www.lorenthouse.it\/it\/\"},{\"@type\":\"ListItem\",\"position\":2,\"name\":\"DSGVO\"}]},{\"@type\":\"WebSite\",\"@id\":\"https:\/\/www.lorenthouse.it\/#website\",\"url\":\"https:\/\/www.lorenthouse.it\/\",\"name\":\"www.lorenthouse.it\",\"description\":\"\",\"potentialAction\":[{\"@type\":\"SearchAction\",\"target\":{\"@type\":\"EntryPoint\",\"urlTemplate\":\"https:\/\/www.lorenthouse.it\/?s={search_term_string}\"},\"query-input\":\"required name=search_term_string\"}],\"inLanguage\":\"it-IT\"}]}<\/script>\n<!-- \/ Yoast SEO plugin. -->","yoast_head_json":{"title":"DSGVO - www.lorenthouse.it","robots":{"index":"index","follow":"follow","max-snippet":"max-snippet:-1","max-image-preview":"max-image-preview:large","max-video-preview":"max-video-preview:-1"},"canonical":"https:\/\/www.lorenthouse.it\/it\/dsgvo\/","og_locale":"it_IT","og_type":"article","og_title":"DSGVO - www.lorenthouse.it","og_description":"Per gestire i cookie e le tecnologie simili utilizzate (pixel di tracciamento, web beacon, ecc.) e i relativi consensi, utilizziamo lo strumento di consenso &#8220;Real Cookie Banner&#8221;. I dettagli sul funzionamento di &#8220;Real Cookie Banner&#8221; sono disponibili all&#8217;indirizzo https:\/\/devowl.io\/rcb\/data-processing\/. Le basi giuridiche per il trattamento dei dati personali in questo contesto sono l&#8217;Art. 6 (1) [&hellip;]","og_url":"https:\/\/www.lorenthouse.it\/it\/dsgvo\/","og_site_name":"www.lorenthouse.it","article_modified_time":"2024-04-05T11:45:31+00:00","twitter_card":"summary_large_image","twitter_misc":{"Tempo di lettura stimato":"1 minuto"},"schema":{"@context":"https:\/\/schema.org","@graph":[{"@type":"WebPage","@id":"https:\/\/www.lorenthouse.it\/it\/dsgvo\/","url":"https:\/\/www.lorenthouse.it\/it\/dsgvo\/","name":"DSGVO - www.lorenthouse.it","isPartOf":{"@id":"https:\/\/www.lorenthouse.it\/#website"},"datePublished":"2020-03-03T07:04:00+00:00","dateModified":"2024-04-05T11:45:31+00:00","breadcrumb":{"@id":"https:\/\/www.lorenthouse.it\/it\/dsgvo\/#breadcrumb"},"inLanguage":"it-IT","potentialAction":[{"@type":"ReadAction","target":["https:\/\/www.lorenthouse.it\/it\/dsgvo\/"]}]},{"@type":"BreadcrumbList","@id":"https:\/\/www.lorenthouse.it\/it\/dsgvo\/#breadcrumb","itemListElement":[{"@type":"ListItem","position":1,"name":"Startseite","item":"https:\/\/www.lorenthouse.it\/it\/"},{"@type":"ListItem","position":2,"name":"DSGVO"}]},{"@type":"WebSite","@id":"https:\/\/www.lorenthouse.it\/#website","url":"https:\/\/www.lorenthouse.it\/","name":"www.lorenthouse.it","description":"","potentialAction":[{"@type":"SearchAction","target":{"@type":"EntryPoint","urlTemplate":"https:\/\/www.lorenthouse.it\/?s={search_term_string}"},"query-input":"required name=search_term_string"}],"inLanguage":"it-IT"}]}},"_links":{"self":[{"href":"https:\/\/www.lorenthouse.it\/it\/wp-json\/wp\/v2\/pages\/372"}],"collection":[{"href":"https:\/\/www.lorenthouse.it\/it\/wp-json\/wp\/v2\/pages"}],"about":[{"href":"https:\/\/www.lorenthouse.it\/it\/wp-json\/wp\/v2\/types\/page"}],"author":[{"embeddable":true,"href":"https:\/\/www.lorenthouse.it\/it\/wp-json\/wp\/v2\/users\/1"}],"replies":[{"embeddable":true,"href":"https:\/\/www.lorenthouse.it\/it\/wp-json\/wp\/v2\/comments?post=372"}],"version-history":[{"count":1,"href":"https:\/\/www.lorenthouse.it\/it\/wp-json\/wp\/v2\/pages\/372\/revisions"}],"predecessor-version":[{"id":748,"href":"https:\/\/www.lorenthouse.it\/it\/wp-json\/wp\/v2\/pages\/372\/revisions\/748"}],"wp:attachment":[{"href":"https:\/\/www.lorenthouse.it\/it\/wp-json\/wp\/v2\/media?parent=372"}],"curies":[{"name":"wp","href":"https:\/\/api.w.org\/{rel}","templated":true}]}}