{"id":504,"date":"2021-04-29T10:45:59","date_gmt":"2021-04-29T08:45:59","guid":{"rendered":"https:\/\/www.lorenthouse.it\/?page_id=504"},"modified":"2023-09-20T11:32:58","modified_gmt":"2023-09-20T09:32:58","slug":"lorents-studio","status":"publish","type":"page","link":"https:\/\/www.lorenthouse.it\/it\/appartamenti\/lorents-studio\/","title":{"rendered":"Lorent Studio"},"content":{"rendered":"","protected":false},"excerpt":{"rendered":"","protected":false},"author":1,"featured_media":0,"parent":382,"menu_order":30,"comment_status":"closed","ping_status":"closed","template":"template-fw.php","meta":{"_acf_changed":false,"footnotes":""},"class_list":["post-504","page","type-page","status-publish","hentry"],"acf":[],"yoast_head":"<!-- This site is optimized with the Yoast SEO plugin v23.2 - https:\/\/yoast.com\/wordpress\/plugins\/seo\/ -->\n<title>Il tuo appartamento per le vacanze nel cuore di Merano | Lorent Studio<\/title>\n<meta name=\"description\" content=\"Appartamento in pieno centro a Merano con balcone e vista sulla citt\u00e0. Dispone di ogni comodit\u00e0 ed \u00e8 arredato in stile moderno.\" \/>\n<meta name=\"robots\" content=\"index, follow, max-snippet:-1, max-image-preview:large, max-video-preview:-1\" \/>\n<link rel=\"canonical\" href=\"https:\/\/www.lorenthouse.it\/wohnungen\/lorents-studio\/\" \/>\n<meta property=\"og:locale\" content=\"it_IT\" \/>\n<meta property=\"og:type\" content=\"article\" \/>\n<meta property=\"og:title\" content=\"Il tuo appartamento per le vacanze nel cuore di Merano | Lorent Studio\" \/>\n<meta property=\"og:description\" content=\"Appartamento in pieno centro a Merano con balcone e vista sulla citt\u00e0. Dispone di ogni comodit\u00e0 ed \u00e8 arredato in stile moderno.\" \/>\n<meta property=\"og:url\" content=\"https:\/\/www.lorenthouse.it\/wohnungen\/lorents-studio\/\" \/>\n<meta property=\"og:site_name\" content=\"www.lorenthouse.it\" \/>\n<meta property=\"article:modified_time\" content=\"2023-09-20T09:32:58+00:00\" \/>\n<meta name=\"twitter:card\" content=\"summary_large_image\" \/>\n<script type=\"application\/ld+json\" class=\"yoast-schema-graph\">{\"@context\":\"https:\/\/schema.org\",\"@graph\":[{\"@type\":\"WebPage\",\"@id\":\"https:\/\/www.lorenthouse.it\/wohnungen\/lorents-studio\/\",\"url\":\"https:\/\/www.lorenthouse.it\/wohnungen\/lorents-studio\/\",\"name\":\"Il tuo appartamento per le vacanze nel cuore di Merano | Lorent Studio\",\"isPartOf\":{\"@id\":\"https:\/\/www.lorenthouse.it\/#website\"},\"datePublished\":\"2021-04-29T08:45:59+00:00\",\"dateModified\":\"2023-09-20T09:32:58+00:00\",\"description\":\"Appartamento in pieno centro a Merano con balcone e vista sulla citt\u00e0. Dispone di ogni comodit\u00e0 ed \u00e8 arredato in stile moderno.\",\"breadcrumb\":{\"@id\":\"https:\/\/www.lorenthouse.it\/wohnungen\/lorents-studio\/#breadcrumb\"},\"inLanguage\":\"it-IT\",\"potentialAction\":[{\"@type\":\"ReadAction\",\"target\":[\"https:\/\/www.lorenthouse.it\/wohnungen\/lorents-studio\/\"]}]},{\"@type\":\"BreadcrumbList\",\"@id\":\"https:\/\/www.lorenthouse.it\/wohnungen\/lorents-studio\/#breadcrumb\",\"itemListElement\":[{\"@type\":\"ListItem\",\"position\":1,\"name\":\"Startseite\",\"item\":\"https:\/\/www.lorenthouse.it\/it\/\"},{\"@type\":\"ListItem\",\"position\":2,\"name\":\"Appartamenti\",\"item\":\"https:\/\/www.lorenthouse.it\/wohnungen\/\"},{\"@type\":\"ListItem\",\"position\":3,\"name\":\"Lorent Studio\"}]},{\"@type\":\"WebSite\",\"@id\":\"https:\/\/www.lorenthouse.it\/#website\",\"url\":\"https:\/\/www.lorenthouse.it\/\",\"name\":\"www.lorenthouse.it\",\"description\":\"\",\"potentialAction\":[{\"@type\":\"SearchAction\",\"target\":{\"@type\":\"EntryPoint\",\"urlTemplate\":\"https:\/\/www.lorenthouse.it\/?s={search_term_string}\"},\"query-input\":\"required name=search_term_string\"}],\"inLanguage\":\"it-IT\"}]}<\/script>\n<!-- \/ Yoast SEO plugin. -->","yoast_head_json":{"title":"Il tuo appartamento per le vacanze nel cuore di Merano | Lorent Studio","description":"Appartamento in pieno centro a Merano con balcone e vista sulla citt\u00e0. Dispone di ogni comodit\u00e0 ed \u00e8 arredato in stile moderno.","robots":{"index":"index","follow":"follow","max-snippet":"max-snippet:-1","max-image-preview":"max-image-preview:large","max-video-preview":"max-video-preview:-1"},"canonical":"https:\/\/www.lorenthouse.it\/wohnungen\/lorents-studio\/","og_locale":"it_IT","og_type":"article","og_title":"Il tuo appartamento per le vacanze nel cuore di Merano | Lorent Studio","og_description":"Appartamento in pieno centro a Merano con balcone e vista sulla citt\u00e0. Dispone di ogni comodit\u00e0 ed \u00e8 arredato in stile moderno.","og_url":"https:\/\/www.lorenthouse.it\/wohnungen\/lorents-studio\/","og_site_name":"www.lorenthouse.it","article_modified_time":"2023-09-20T09:32:58+00:00","twitter_card":"summary_large_image","schema":{"@context":"https:\/\/schema.org","@graph":[{"@type":"WebPage","@id":"https:\/\/www.lorenthouse.it\/wohnungen\/lorents-studio\/","url":"https:\/\/www.lorenthouse.it\/wohnungen\/lorents-studio\/","name":"Il tuo appartamento per le vacanze nel cuore di Merano | Lorent Studio","isPartOf":{"@id":"https:\/\/www.lorenthouse.it\/#website"},"datePublished":"2021-04-29T08:45:59+00:00","dateModified":"2023-09-20T09:32:58+00:00","description":"Appartamento in pieno centro a Merano con balcone e vista sulla citt\u00e0. Dispone di ogni comodit\u00e0 ed \u00e8 arredato in stile moderno.","breadcrumb":{"@id":"https:\/\/www.lorenthouse.it\/wohnungen\/lorents-studio\/#breadcrumb"},"inLanguage":"it-IT","potentialAction":[{"@type":"ReadAction","target":["https:\/\/www.lorenthouse.it\/wohnungen\/lorents-studio\/"]}]},{"@type":"BreadcrumbList","@id":"https:\/\/www.lorenthouse.it\/wohnungen\/lorents-studio\/#breadcrumb","itemListElement":[{"@type":"ListItem","position":1,"name":"Startseite","item":"https:\/\/www.lorenthouse.it\/it\/"},{"@type":"ListItem","position":2,"name":"Appartamenti","item":"https:\/\/www.lorenthouse.it\/wohnungen\/"},{"@type":"ListItem","position":3,"name":"Lorent Studio"}]},{"@type":"WebSite","@id":"https:\/\/www.lorenthouse.it\/#website","url":"https:\/\/www.lorenthouse.it\/","name":"www.lorenthouse.it","description":"","potentialAction":[{"@type":"SearchAction","target":{"@type":"EntryPoint","urlTemplate":"https:\/\/www.lorenthouse.it\/?s={search_term_string}"},"query-input":"required name=search_term_string"}],"inLanguage":"it-IT"}]}},"_links":{"self":[{"href":"https:\/\/www.lorenthouse.it\/it\/wp-json\/wp\/v2\/pages\/504"}],"collection":[{"href":"https:\/\/www.lorenthouse.it\/it\/wp-json\/wp\/v2\/pages"}],"about":[{"href":"https:\/\/www.lorenthouse.it\/it\/wp-json\/wp\/v2\/types\/page"}],"author":[{"embeddable":true,"href":"https:\/\/www.lorenthouse.it\/it\/wp-json\/wp\/v2\/users\/1"}],"replies":[{"embeddable":true,"href":"https:\/\/www.lorenthouse.it\/it\/wp-json\/wp\/v2\/comments?post=504"}],"version-history":[{"count":10,"href":"https:\/\/www.lorenthouse.it\/it\/wp-json\/wp\/v2\/pages\/504\/revisions"}],"predecessor-version":[{"id":706,"href":"https:\/\/www.lorenthouse.it\/it\/wp-json\/wp\/v2\/pages\/504\/revisions\/706"}],"up":[{"embeddable":true,"href":"https:\/\/www.lorenthouse.it\/it\/wp-json\/wp\/v2\/pages\/382"}],"wp:attachment":[{"href":"https:\/\/www.lorenthouse.it\/it\/wp-json\/wp\/v2\/media?parent=504"}],"curies":[{"name":"wp","href":"https:\/\/api.w.org\/{rel}","templated":true}]}}